{"id":11817,"date":"2021-05-19T05:55:46","date_gmt":"2021-05-19T05:55:46","guid":{"rendered":"http:\/\/improviis.ee\/?page_id=11817"},"modified":"2021-05-25T16:37:11","modified_gmt":"2021-05-25T16:37:11","slug":"improvisatsioonipaevad","status":"publish","type":"page","link":"https:\/\/improviis.ee\/en\/improvisatsioonipaevad\/","title":{"rendered":"Days of Improvisation"},"content":{"rendered":"<section class=\"ffb-id-4u4adud7 section-heading fg-text-dark\"><h2 class=\"fg-text-dark ffb-h2-1\"><\/h2><div class=\"ff-richtext paragraph fg-text-dark ffb-paragraph-2\"><p><\/p>\n<p><img decoding=\"async\" style=\"margin-left: auto;margin-right: auto\" src=\"http:\/\/improviis.ee\/wp-content\/uploads\/2021\/05\/Impropaev21-page-001.jpg\" alt=\"\" \/><\/p>\n<p>XXIV Days of Creation and Improvisation 11-13. June 2021, Saue Music School, Saue City. Come on an impro journey!<\/p>\n<p>If possible, we play and improvise in FREE NATURE and partly indoors! We are looking for musicians of different ages and training. We also very much welcome teachers and parents to join! In addition to participating, the teacher also receives a certificate of in-service training!<\/p>\n<p><\/p>\n<p><\/p>\n<p>No previous improvisation experience is required. Let's improvise through playing the instrument, movement and voice! The motto of the Improvement Days 2021: MOVEMENT, CREATIVITY AND POSITIVITY! We enjoy our own creations together and discover our own and others' creativity.<\/p>\n<p>The participants will be instructed on this journey by:<br \/>Fari\u0161tamo Eller, Eve Neumann - enriching instrument playing through improvisation<br \/>Sirje Medell - improvisation of voice through the courage of bold voices in the improv choir<br \/>Aita Vahter - Activating creativity through positive movement and word<\/p>\n<p>During the improv days, the participant finds his \/ her voice and song, learns to improvise in a small group, can play in an improv orchestra, activates the use of language, word and text through movement. The improvement days end with a concert, which we also plan to broadcast in real time. We maintain the necessary rules of hygiene and dispersal.<\/p>\n<p>All participants receive lunch, dinner and snacks every day. Please bring your (unbreakable) cup, spoon, plate and small food box. Wear sportswear for both indoor and outdoor use. Indoors, we are either in changing shoes or socks.<\/p>\n<p>Time: 11 - 13 June 11:00 - 19:00<br \/>Participation fee: 55 \u20ac (includes lunches, evening meals and snacks)<br \/>We do not offer accommodation this year, but please contact us if you need help finding accommodation.<br \/>Registration: Student Registration Form&nbsp;&nbsp;<br \/>If you have any questions, write to: info@sauemuusikakool.ee<br \/>For questions about improvisation classes, call: 53496347.<br \/>For all other organizational questions, call: 5163128.<br \/>Hurry, because the number of places is limited!<\/p>\n<p>The participant needs:<br \/>1) fill in the Registration Form - Student Registration Form, Teacher Registration Form<br \/>2) pay the participation fee of 55 EUR (or in two parts: the first part 20 EUR, the second part 35 EUR)<br \/>MT&Uuml; Improviis SEB a\/a EE561010220286139222<br \/>Indicate the participant's first and last name and the keyword \"improvisation\" in the explanation.<br \/>The registration fee for canceling the event will not be refunded.<\/p>\n<p><\/p>\n<p><\/p>\n<p>NB! The number of participants is limited. If there are more applicants, we prefer those who have registered earlier.<br \/>You will be contacted to confirm your registration.<br \/>Saue Music School address: Nurmesalu 9, Saue city, Saue parish (Saue Gymnasium building)<br \/>Youtube: <a href=\"https:\/\/www.youtube.com\/watch?v=OYfmaWRnIgc\">https:\/\/www.youtube.com\/watch?v=OYfmaWRnIgc<\/a><\/p>\n<p>Everything is created on the spot!<\/p>\n<p>Lisainformatsioon: <a href=\"https:\/\/noortejazz.ee\/et\/\">www.noortejazz.ee<\/a><\/p>\n<p><\/p>\n<div id=\"gtx-trans\" style=\"position: absolute;left: 132px;top: 1105px\">\n<div class=\"gtx-trans-icon\">&nbsp;<\/div>\n<\/div><\/div><\/section><style><\/style><script type=\"text\/javascript\"><\/script>","protected":false},"excerpt":{"rendered":"","protected":false},"author":1,"featured_media":0,"parent":0,"menu_order":0,"comment_status":"closed","ping_status":"closed","template":"","meta":{"_monsterinsights_skip_tracking":false,"_monsterinsights_sitenote_active":false,"_monsterinsights_sitenote_note":"","_monsterinsights_sitenote_category":0,"footnotes":""},"class_list":["post-11817","page","type-page","status-publish","hentry","post-wrapper"],"yoast_head":"<!-- This site is optimized with the Yoast SEO plugin v25.6 - https:\/\/yoast.com\/wordpress\/plugins\/seo\/ -->\n<title>Improvisatsioonip\u00e4evad | Improviis.ee<\/title>\n<meta name=\"description\" content=\"XXIV Loomingu ja Improvisatsiooni P\u00e4evad 11.-13. juuni 2021, Saue Muusikakoolis, Saue linnas. Tule impror\u00e4nnakule! Musitseerime ja improviseerime v\u00f5imalusel VABAS LOODUSES ja osaliselt siseruumides! Osalema ootame erinevas vanuses ja erineva ettevalmistusega muusikuid. Samuti ootame v\u00e4ga \u00f5petajaid ja vanemaid liituma! \u00d5petaja saab lisaks osalemisele ka tunnistuse t\u00e4iend\u00f5ppe kohta!\" \/>\n<meta name=\"robots\" content=\"index, follow, max-snippet:-1, max-image-preview:large, max-video-preview:-1\" \/>\n<link rel=\"canonical\" href=\"https:\/\/www.improviis.ee\/improvisatsioonipaevad\/\" \/>\n<meta property=\"og:locale\" content=\"en_GB\" \/>\n<meta property=\"og:type\" content=\"article\" \/>\n<meta property=\"og:title\" content=\"Improvisatsioonip\u00e4evad | Improviis.ee\" \/>\n<meta property=\"og:description\" content=\"XXIV Loomingu ja Improvisatsiooni P\u00e4evad 11.-13. juuni 2021, Saue Muusikakoolis, Saue linnas. Tule impror\u00e4nnakule! Musitseerime ja improviseerime v\u00f5imalusel VABAS LOODUSES ja osaliselt siseruumides! Osalema ootame erinevas vanuses ja erineva ettevalmistusega muusikuid. Samuti ootame v\u00e4ga \u00f5petajaid ja vanemaid liituma! \u00d5petaja saab lisaks osalemisele ka tunnistuse t\u00e4iend\u00f5ppe kohta!\" \/>\n<meta property=\"og:url\" content=\"https:\/\/www.improviis.ee\/improvisatsioonipaevad\/\" \/>\n<meta property=\"og:site_name\" content=\"Improviis.ee\" \/>\n<meta property=\"article:modified_time\" content=\"2021-05-25T16:37:11+00:00\" \/>\n<meta property=\"og:image\" content=\"http:\/\/improviis.ee\/wp-content\/uploads\/2021\/05\/Impropaev21-page-001.jpg\" \/>\n<meta name=\"twitter:card\" content=\"summary_large_image\" \/>\n<meta name=\"twitter:label1\" content=\"Estimated reading time\" \/>\n\t<meta name=\"twitter:data1\" content=\"2 minutes\" \/>\n<script type=\"application\/ld+json\" class=\"yoast-schema-graph\">{\"@context\":\"https:\/\/schema.org\",\"@graph\":[{\"@type\":\"WebPage\",\"@id\":\"https:\/\/www.improviis.ee\/improvisatsioonipaevad\/\",\"url\":\"https:\/\/www.improviis.ee\/improvisatsioonipaevad\/\",\"name\":\"Improvisatsioonip\u00e4evad | Improviis.ee\",\"isPartOf\":{\"@id\":\"https:\/\/www.improviis.ee\/en\/#website\"},\"primaryImageOfPage\":{\"@id\":\"https:\/\/www.improviis.ee\/improvisatsioonipaevad\/#primaryimage\"},\"image\":{\"@id\":\"https:\/\/www.improviis.ee\/improvisatsioonipaevad\/#primaryimage\"},\"thumbnailUrl\":\"http:\/\/improviis.ee\/wp-content\/uploads\/2021\/05\/Impropaev21-page-001.jpg\",\"datePublished\":\"2021-05-19T05:55:46+00:00\",\"dateModified\":\"2021-05-25T16:37:11+00:00\",\"description\":\"XXIV Loomingu ja Improvisatsiooni P\u00e4evad 11.-13. juuni 2021, Saue Muusikakoolis, Saue linnas. Tule impror\u00e4nnakule! Musitseerime ja improviseerime v\u00f5imalusel VABAS LOODUSES ja osaliselt siseruumides! Osalema ootame erinevas vanuses ja erineva ettevalmistusega muusikuid. Samuti ootame v\u00e4ga \u00f5petajaid ja vanemaid liituma! \u00d5petaja saab lisaks osalemisele ka tunnistuse t\u00e4iend\u00f5ppe kohta!\",\"breadcrumb\":{\"@id\":\"https:\/\/www.improviis.ee\/improvisatsioonipaevad\/#breadcrumb\"},\"inLanguage\":\"en-GB\",\"potentialAction\":[{\"@type\":\"ReadAction\",\"target\":[\"https:\/\/www.improviis.ee\/improvisatsioonipaevad\/\"]}]},{\"@type\":\"ImageObject\",\"inLanguage\":\"en-GB\",\"@id\":\"https:\/\/www.improviis.ee\/improvisatsioonipaevad\/#primaryimage\",\"url\":\"http:\/\/improviis.ee\/wp-content\/uploads\/2021\/05\/Impropaev21-page-001.jpg\",\"contentUrl\":\"http:\/\/improviis.ee\/wp-content\/uploads\/2021\/05\/Impropaev21-page-001.jpg\"},{\"@type\":\"BreadcrumbList\",\"@id\":\"https:\/\/www.improviis.ee\/improvisatsioonipaevad\/#breadcrumb\",\"itemListElement\":[{\"@type\":\"ListItem\",\"position\":1,\"name\":\"Home\",\"item\":\"https:\/\/www.improviis.ee\/en\/\"},{\"@type\":\"ListItem\",\"position\":2,\"name\":\"Improvisatsioonip\u00e4evad\"}]},{\"@type\":\"WebSite\",\"@id\":\"https:\/\/www.improviis.ee\/en\/#website\",\"url\":\"https:\/\/www.improviis.ee\/en\/\",\"name\":\"Improviis.ee\",\"description\":\"\",\"potentialAction\":[{\"@type\":\"SearchAction\",\"target\":{\"@type\":\"EntryPoint\",\"urlTemplate\":\"https:\/\/www.improviis.ee\/en\/?s={search_term_string}\"},\"query-input\":{\"@type\":\"PropertyValueSpecification\",\"valueRequired\":true,\"valueName\":\"search_term_string\"}}],\"inLanguage\":\"en-GB\"}]}<\/script>\n<!-- \/ Yoast SEO plugin. -->","yoast_head_json":{"title":"Improvisatsioonip\u00e4evad | Improviis.ee","description":"XXIV Loomingu ja Improvisatsiooni P\u00e4evad 11.-13. juuni 2021, Saue Muusikakoolis, Saue linnas. Tule impror\u00e4nnakule! Musitseerime ja improviseerime v\u00f5imalusel VABAS LOODUSES ja osaliselt siseruumides! Osalema ootame erinevas vanuses ja erineva ettevalmistusega muusikuid. Samuti ootame v\u00e4ga \u00f5petajaid ja vanemaid liituma! \u00d5petaja saab lisaks osalemisele ka tunnistuse t\u00e4iend\u00f5ppe kohta!","robots":{"index":"index","follow":"follow","max-snippet":"max-snippet:-1","max-image-preview":"max-image-preview:large","max-video-preview":"max-video-preview:-1"},"canonical":"https:\/\/www.improviis.ee\/improvisatsioonipaevad\/","og_locale":"en_GB","og_type":"article","og_title":"Improvisatsioonip\u00e4evad | Improviis.ee","og_description":"XXIV Loomingu ja Improvisatsiooni P\u00e4evad 11.-13. juuni 2021, Saue Muusikakoolis, Saue linnas. Tule impror\u00e4nnakule! Musitseerime ja improviseerime v\u00f5imalusel VABAS LOODUSES ja osaliselt siseruumides! Osalema ootame erinevas vanuses ja erineva ettevalmistusega muusikuid. Samuti ootame v\u00e4ga \u00f5petajaid ja vanemaid liituma! \u00d5petaja saab lisaks osalemisele ka tunnistuse t\u00e4iend\u00f5ppe kohta!","og_url":"https:\/\/www.improviis.ee\/improvisatsioonipaevad\/","og_site_name":"Improviis.ee","article_modified_time":"2021-05-25T16:37:11+00:00","og_image":[{"url":"http:\/\/improviis.ee\/wp-content\/uploads\/2021\/05\/Impropaev21-page-001.jpg","type":"","width":"","height":""}],"twitter_card":"summary_large_image","twitter_misc":{"Estimated reading time":"2 minutes"},"schema":{"@context":"https:\/\/schema.org","@graph":[{"@type":"WebPage","@id":"https:\/\/www.improviis.ee\/improvisatsioonipaevad\/","url":"https:\/\/www.improviis.ee\/improvisatsioonipaevad\/","name":"Improvisatsioonip\u00e4evad | Improviis.ee","isPartOf":{"@id":"https:\/\/www.improviis.ee\/en\/#website"},"primaryImageOfPage":{"@id":"https:\/\/www.improviis.ee\/improvisatsioonipaevad\/#primaryimage"},"image":{"@id":"https:\/\/www.improviis.ee\/improvisatsioonipaevad\/#primaryimage"},"thumbnailUrl":"http:\/\/improviis.ee\/wp-content\/uploads\/2021\/05\/Impropaev21-page-001.jpg","datePublished":"2021-05-19T05:55:46+00:00","dateModified":"2021-05-25T16:37:11+00:00","description":"XXIV Loomingu ja Improvisatsiooni P\u00e4evad 11.-13. juuni 2021, Saue Muusikakoolis, Saue linnas. Tule impror\u00e4nnakule! Musitseerime ja improviseerime v\u00f5imalusel VABAS LOODUSES ja osaliselt siseruumides! Osalema ootame erinevas vanuses ja erineva ettevalmistusega muusikuid. Samuti ootame v\u00e4ga \u00f5petajaid ja vanemaid liituma! \u00d5petaja saab lisaks osalemisele ka tunnistuse t\u00e4iend\u00f5ppe kohta!","breadcrumb":{"@id":"https:\/\/www.improviis.ee\/improvisatsioonipaevad\/#breadcrumb"},"inLanguage":"en-GB","potentialAction":[{"@type":"ReadAction","target":["https:\/\/www.improviis.ee\/improvisatsioonipaevad\/"]}]},{"@type":"ImageObject","inLanguage":"en-GB","@id":"https:\/\/www.improviis.ee\/improvisatsioonipaevad\/#primaryimage","url":"http:\/\/improviis.ee\/wp-content\/uploads\/2021\/05\/Impropaev21-page-001.jpg","contentUrl":"http:\/\/improviis.ee\/wp-content\/uploads\/2021\/05\/Impropaev21-page-001.jpg"},{"@type":"BreadcrumbList","@id":"https:\/\/www.improviis.ee\/improvisatsioonipaevad\/#breadcrumb","itemListElement":[{"@type":"ListItem","position":1,"name":"Home","item":"https:\/\/www.improviis.ee\/en\/"},{"@type":"ListItem","position":2,"name":"Improvisatsioonip\u00e4evad"}]},{"@type":"WebSite","@id":"https:\/\/www.improviis.ee\/en\/#website","url":"https:\/\/www.improviis.ee\/en\/","name":"Improviis.ee","description":"","potentialAction":[{"@type":"SearchAction","target":{"@type":"EntryPoint","urlTemplate":"https:\/\/www.improviis.ee\/en\/?s={search_term_string}"},"query-input":{"@type":"PropertyValueSpecification","valueRequired":true,"valueName":"search_term_string"}}],"inLanguage":"en-GB"}]}},"_links":{"self":[{"href":"https:\/\/improviis.ee\/en\/wp-json\/wp\/v2\/pages\/11817"}],"collection":[{"href":"https:\/\/improviis.ee\/en\/wp-json\/wp\/v2\/pages"}],"about":[{"href":"https:\/\/improviis.ee\/en\/wp-json\/wp\/v2\/types\/page"}],"author":[{"embeddable":true,"href":"https:\/\/improviis.ee\/en\/wp-json\/wp\/v2\/users\/1"}],"replies":[{"embeddable":true,"href":"https:\/\/improviis.ee\/en\/wp-json\/wp\/v2\/comments?post=11817"}],"version-history":[{"count":5,"href":"https:\/\/improviis.ee\/en\/wp-json\/wp\/v2\/pages\/11817\/revisions"}],"predecessor-version":[{"id":12037,"href":"https:\/\/improviis.ee\/en\/wp-json\/wp\/v2\/pages\/11817\/revisions\/12037"}],"wp:attachment":[{"href":"https:\/\/improviis.ee\/en\/wp-json\/wp\/v2\/media?parent=11817"}],"curies":[{"name":"wp","href":"https:\/\/api.w.org\/{rel}","templated":true}]}}